{"id":90753,"date":"2016-05-10T03:48:21","date_gmt":"2016-05-10T03:48:21","guid":{"rendered":"https:\/\/www.cascanticbcn.com\/sample-page\/"},"modified":"2024-03-21T16:34:53","modified_gmt":"2024-03-21T16:34:53","slug":"condiciones-de-uso","status":"publish","type":"page","link":"https:\/\/www.cascanticbcn.com\/ca\/condiciones-de-uso\/","title":{"rendered":"Condicions d&#8217;\u00fas"},"content":{"rendered":"\t\t<div data-elementor-type=\"wp-page\" data-elementor-id=\"90753\" class=\"elementor elementor-90753 elementor-2\" data-elementor-post-type=\"page\">\n\t\t\t\t<div class=\"elementor-element elementor-element-53c83f8e e-flex e-con-boxed e-con e-parent\" data-id=\"53c83f8e\" data-element_type=\"container\">\n\t\t\t\t\t<div class=\"e-con-inner\">\n\t\t\t\t<div class=\"elementor-element elementor-element-1b9d4825 elementor-widget elementor-widget-text-editor\" data-id=\"1b9d4825\" data-element_type=\"widget\" data-widget_type=\"text-editor.default\">\n\t\t\t\t<div class=\"elementor-widget-container\">\n\t\t\t\t\t\t\t\t\t<p>En compliment de la Llei 34\/2002, de 11 de juliol, de Serveis de la Societat de la Informaci\u00f3 i de Comer\u00e7 Electr\u00f2nic (LSSI-CE), CASC ANTIC BCN SL informa que \u00e9s titular del lloc web <a href=\"http:\/\/www.cascanticbcn.com\/\" target=\"_new\">WWW.CASCANTICBCN.COM<\/a>. D&#8217;acord amb l&#8217;exig\u00e8ncia de l&#8217;article 10 de la mencionada Llei, CASC ANTIC BCN SL informa dels seg\u00fcents dades:<\/p><p>El titular d&#8217;aquest lloc web \u00e9s CASC ANTIC BCN SL, amb CIF B63399018 i domicili social a RAMBLA DEL RAVAL 37 08001, BARCELONA, inscrita al Registre Mercantil, en el tom 36214, foli 71, fulla B280981 i inscripci\u00f3 1. La direcci\u00f3 de correu electr\u00f2nic de contacte amb l&#8217;empresa \u00e9s: <a target=\"_new\">INFO@CASCANTICBCN.COM<\/a>.<\/p><h2>Usuari i r\u00e8gim de responsabilitats<\/h2><p>La navegaci\u00f3, acc\u00e9s i \u00fas pel lloc web de CASC ANTIC BCN SL confereix la condici\u00f3 d&#8217;usuari, pel qual s&#8217;accepten, des de la navegaci\u00f3 pel lloc web de CASC ANTIC BCN SL, totes les condicions d&#8217;\u00fas aqu\u00ed establertes sense perjudici de l&#8217;aplicaci\u00f3 de la corresponent normativa d&#8217;obligat compliment legal segons el cas.<\/p><p>El lloc web de CASC ANTIC BCN SL proporciona gran diversitat d&#8217;informaci\u00f3, serveis i dades. L&#8217;usuari assumeix la seva responsabilitat en l&#8217;\u00fas correcte del lloc web. Aquesta responsabilitat s&#8217;estendr\u00e0 a:<\/p><ul><li><p>La veracitat i legalitat de les informacions proporcionades per l&#8217;usuari en els formularis estesos per CASC ANTIC BCN SL per l&#8217;acc\u00e9s a certs continguts o serveis oferts per la web.<\/p><\/li><li><p>L&#8217;\u00fas de la informaci\u00f3, serveis i dades oferts per CASC ANTIC BCN SL contr\u00e0riament al disposat per les presents condicions, la Llei, la moral, les bones costums o l&#8217;ordre p\u00fablic, o que de qualsevol altre manera puguin suposar lesionar els drets de tercers o del mateix funcionament del lloc web.<\/p><\/li><\/ul><h2>Pol\u00edtica de enlla\u00e7os i exencions de responsabilitat<\/h2><p>CASC ANTIC BCN SL no es fa responsable del contingut dels llocs web als quals l&#8217;usuari pugui accedir a trav\u00e9s dels enlla\u00e7os establerts en el seu lloc web i declara que en cap cas procedir\u00e0 a examinar o exercitar cap tipus de control sobre el contingut d&#8217;altres llocs de la xarxa. Aix\u00ed mateix, tampoc garantir\u00e0 la disponibilitat t\u00e8cnica, exactitud, veracitat, validesa o legalitat de llocs aliens a la seva propietat als quals es pugui accedir mitjan\u00e7ant els enlla\u00e7os.<\/p><p>CASC ANTIC BCN SL declara haver adoptat totes les mesures necess\u00e0ries per evitar qualsevol dany als usuaris del seu lloc web, que poguessin derivar-se de la navegaci\u00f3 pel seu lloc web. En conseq\u00fc\u00e8ncia, CASC ANTIC BCN SL no es fa responsable, en cap cas, dels eventuals danys que per la navegaci\u00f3 per Internet pogu\u00e9s patir l&#8217;usuari.<\/p><h2>Modificacions<\/h2><p>CASC ANTIC BCN SL es reserva el dret a realitzar les modificacions que consideri oportunes, sense previ av\u00eds, en el contingut del seu lloc web. Tant en el referent als continguts del lloc web, com en les condicions d&#8217;\u00fas del mateix. Aquestes modificacions podran realitzar-se a trav\u00e9s del seu lloc web per qualsevol forma admissible en dret i seran d&#8217;obligat compliment durant el temps en qu\u00e8 es trobin publicades a la web i fins que no siguin modificades v\u00e0lidament per altres posteriors.<\/p><h2>Protecci\u00f3 de dades<\/h2><p>D&#8217;acord amb el disposat en la normativa vigent en Protecci\u00f3 de Dades de Car\u00e0cter Personal, us informem que les vostres dades seran incorporades al sistema de tractament titularitat de CASC ANTIC BCN SL amb CIF B63399018 i domicili social situat a RAMBLA DEL RAVAL 37 08001, BARCELONA, amb la finalitat de poder facilitar, agilitar i complir els compromisos establerts entre ambdues parts.<\/p><p>En compliment amb la normativa vigent, CASC ANTIC BCN SL informa que les dades seran conservades durant el termini estrictament necessari per complir amb els preceptes esmentats anteriorment.<\/p><p>Mentre no ens comuniqui el contrari, entendrem que les vostres dades no han estat modificades, que vost\u00e8 es compromet a notificar-nos qualsevol variaci\u00f3 i que tenim el seu consentiment per utilitzar-les per a les finalitats esmentades.<\/p><p>CASC ANTIC BCN SL informa que procedir\u00e0 a tractar les dades de manera l\u00edcita, lleial, transparent, adequada, pertinent, limitada, exacta i actualitzada. \u00c9s per aix\u00f2 que CASC ANTIC BCN SL es compromet a adoptar totes les mesures raonables perqu\u00e8 aquestes se suprimeixin o rectifiquin sense dilaci\u00f3 quan siguin inexactes.<\/p><p>D&#8217;acord amb els drets que li confereix la normativa vigent en protecci\u00f3 de dades podr\u00e0 exercir els drets d&#8217;acc\u00e9s, rectificaci\u00f3, limitaci\u00f3 de tractament, supressi\u00f3, portabilitat i oposici\u00f3 al tractament de les seves dades de car\u00e0cter personal aix\u00ed com del consentiment prestat per al tractament dels mateixos, dirigint la seva petici\u00f3 a la adre\u00e7a postal indicada m\u00e9s amunt o al correu electr\u00f2nic <a target=\"_new\">INFO@CASCANTICBCN.COM<\/a>.<\/p><p>Podr\u00e0 dirigir-se a l&#8217;Autoritat de Control competent per presentar la reclamaci\u00f3 que consideri oportuna.<\/p><h2>Certificat SSL (Secure Sockets Layer)<\/h2><p>El CERTIFICAT SSL proporciona autenticaci\u00f3, privacitat i seguretat de la informaci\u00f3 entre CASC ANTIC BCN SL i l&#8217;usuari.<\/p><p>CASC ANTIC BCN SL disposa d&#8217;un certificat de seguretat que s&#8217;utilitza per CERTIFICAT SSL per realitzar connexions segures.<\/p><p>En aquest proc\u00e9s s&#8217;estableixen diversos par\u00e0metres per realitzar la connexi\u00f3 de forma segura i s&#8217;estableix utilitzant claus preestablertes, codificant i descodificant totes les dades enviades fins que la connexi\u00f3 sigui tancada.<\/p><h2>Propietat intel\u00b7lectual i industrial<\/h2><p>CASC ANTIC BCN SL per si mateixa o com a cession\u00e0ria, \u00e9s titular de tots els drets de propietat intel\u00b7lectual i industrial del seu lloc web, aix\u00ed com dels elements continguts en el mateix (a t\u00edtol enunciatiu, imatges, so, \u00e0udio, v\u00eddeo, programari o textos; marques o logotips, combinacions de colors, estructura i disseny, selecci\u00f3 de materials usats, programes d&#8217;ordinador necessaris per al seu funcionament, acc\u00e9s i \u00fas, etc.), titularitat de CASC ANTIC BCN SL. Seran, per tant, obres protegides com a propietat intel\u00b7lectual pel dret espanyol, essent-los aplicables tant la normativa espanyola comunit\u00e0ria en aquest camp, com els tractats internacionals relatius a la mat\u00e8ria i subscrits per Espanya.<\/p><p>Tots els drets reservats. En virtut del disposat en la Llei de Propietat Intel\u00b7lectual, queden expressament prohibits la reproducci\u00f3, la distribuci\u00f3 i la comunicaci\u00f3 p\u00fablica, inclosa la seva modalitat de posada a disposici\u00f3, de la totalitat o part dels continguts d&#8217;aquest lloc web, amb finalitats comercials, en qualsevol suport i per qualsevol mitj\u00e0 t\u00e8cnic, sense l&#8217;autoritzaci\u00f3 de CASC ANTIC BCN SL.<\/p><p>L&#8217;usuari es compromet a respectar els drets de Propietat Intel\u00b7lectual i Industrial titularitat de CASC ANTIC BCN SL. Podr\u00e0 visualitzar els elements del portal i fins i tot imprimir-los, copiar-los i emmagatzemar-los al disc dur del seu ordinador o en qualsevol altre suport f\u00edsic sempre i quan sigui, \u00fanica i exclusivament, per al seu \u00fas personal i privat. L&#8217;usuari haur\u00e0 d&#8217;abstenir-se de suprimir, alterar, eludir o manipular qualsevol dispositiu de protecci\u00f3 o sistema de seguretat que estigu\u00e9s instal\u00b7lat a les p\u00e0gines de CASC ANTIC BCN SL.<\/p><h2>Accions legals, legislaci\u00f3 aplicable i jurisdicci\u00f3<\/h2><p>CASC ANTIC BCN SL es reserva, a m\u00e9s, la facultat de presentar les accions civils o penals que consideri oportunes per la utilitzaci\u00f3 indeguda del seu lloc web i continguts, o pel incompliment de les presents condicions.<\/p><p>La relaci\u00f3 entre l&#8217;usuari i el prestador es regir\u00e0 per la normativa vigent i d&#8217;aplicaci\u00f3 en el territori espanyol. De sorgir qualsevol controv\u00e8rsia les parts podran sotmetre els seus conflictes a arbitratge o acudir a la jurisdicci\u00f3 ordin\u00e0ria complint amb les normes sobre jurisdicci\u00f3 i compet\u00e8ncia al respecte. CASC ANTIC BCN SL t\u00e9 el seu domicili a BARCELONA, Espanya.<\/p>\t\t\t\t\t\t\t\t<\/div>\n\t\t\t\t<\/div>\n\t\t\t\t\t<\/div>\n\t\t\t\t<\/div>\n\t\t\t\t<\/div>\n\t\t","protected":false},"excerpt":{"rendered":"<p>En compliment de la Llei 34\/2002, de 11 de juliol, de Serveis de la Societat de la Informaci\u00f3 i de Comer\u00e7 Electr\u00f2nic (LSSI-CE), CASC ANTIC BCN SL informa que \u00e9s titular del lloc web WWW.CASCANTICBCN.COM. D&#8217;acord amb l&#8217;exig\u00e8ncia de l&#8217;article 10 de la mencionada Llei, CASC ANTIC BCN SL informa dels seg\u00fcents dades: El titular [&hellip;]<\/p>\n","protected":false},"author":1,"featured_media":0,"parent":0,"menu_order":0,"comment_status":"closed","ping_status":"closed","template":"","meta":{"_seopress_robots_primary_cat":"","_seopress_titles_title":"","_seopress_titles_desc":"","_seopress_robots_index":"","footnotes":""},"class_list":["post-90753","page","type-page","status-publish","hentry"],"_links":{"self":[{"href":"https:\/\/www.cascanticbcn.com\/ca\/wp-json\/wp\/v2\/pages\/90753","targetHints":{"allow":["GET"]}}],"collection":[{"href":"https:\/\/www.cascanticbcn.com\/ca\/wp-json\/wp\/v2\/pages"}],"about":[{"href":"https:\/\/www.cascanticbcn.com\/ca\/wp-json\/wp\/v2\/types\/page"}],"author":[{"embeddable":true,"href":"https:\/\/www.cascanticbcn.com\/ca\/wp-json\/wp\/v2\/users\/1"}],"replies":[{"embeddable":true,"href":"https:\/\/www.cascanticbcn.com\/ca\/wp-json\/wp\/v2\/comments?post=90753"}],"version-history":[{"count":6,"href":"https:\/\/www.cascanticbcn.com\/ca\/wp-json\/wp\/v2\/pages\/90753\/revisions"}],"predecessor-version":[{"id":90792,"href":"https:\/\/www.cascanticbcn.com\/ca\/wp-json\/wp\/v2\/pages\/90753\/revisions\/90792"}],"wp:attachment":[{"href":"https:\/\/www.cascanticbcn.com\/ca\/wp-json\/wp\/v2\/media?parent=90753"}],"curies":[{"name":"wp","href":"https:\/\/api.w.org\/{rel}","templated":true}]}}