{"id":90777,"date":"2024-03-20T20:02:57","date_gmt":"2024-03-20T20:02:57","guid":{"rendered":"https:\/\/www.cascanticbcn.com\/politica-de-privacidad-en-redes-sociales\/"},"modified":"2024-04-02T14:59:26","modified_gmt":"2024-04-02T14:59:26","slug":"politica-de-privacidad-en-redes-sociales","status":"publish","type":"page","link":"https:\/\/www.cascanticbcn.com\/ca\/politica-de-privacidad-en-redes-sociales\/","title":{"rendered":"Pol\u00edtica de privacidad en redes sociales"},"content":{"rendered":"\t\t<div data-elementor-type=\"wp-page\" data-elementor-id=\"90777\" class=\"elementor elementor-90777 elementor-90462\" data-elementor-post-type=\"page\">\n\t\t\t\t<div class=\"elementor-element elementor-element-5c9b4e64 e-flex e-con-boxed e-con e-parent\" data-id=\"5c9b4e64\" data-element_type=\"container\">\n\t\t\t\t\t<div class=\"e-con-inner\">\n\t\t\t\t<div class=\"elementor-element elementor-element-3f605c6a elementor-widget elementor-widget-text-editor\" data-id=\"3f605c6a\" data-element_type=\"widget\" data-widget_type=\"text-editor.default\">\n\t\t\t\t<div class=\"elementor-widget-container\">\n\t\t\t\t\t\t\t\t\t<strong>POL\u00cdTICA DE PRIVACIDAD REDES SOCIALES<\/strong>\r\nDe conformidad con lo establecido en la normativa vigente en Protecci\u00f3n de Datos de Car\u00e1cter Personal (RGPD) y la Ley 34\/2002, de 11 de julio, de Servicios de la Sociedad de la Informaci\u00f3n y de Comercio Electr\u00f3nico (LSSI-CE), CASC ANTIC BCN SL informa a los usuarios, que ha procedido a crear un perfil en la\/s Red\/es Social\/es Facebook, Twitter, Instagram, Linkedin, Google +, con la finalidad principal de publicitar sus productos y servicios.\r\nDatos de CASC ANTIC BCN SL: CIF: B63399018 DIRECCI\u00d3N: RAMBLA DEL RAVAL 37 08001, BARCELONA CORREO ELECTR\u00d3NICO: INFO@CASCANTICBCN.COM DOMINIO WEB: WWW.CASCANTICBCN.COM\r\nEl usuario dispone de un perfil en la misma Red Social y ha decidido unirse a la p\u00e1gina creada por CASC ANTIC BCN SL, mostrando as\u00ed inter\u00e9s en la informaci\u00f3n que se publicite en la Red. Al unirse a nuestra p\u00e1gina, nos facilita su consentimiento para el tratamiento de aquellos datos personales publicados en su perfil.\r\nEl usuario puede acceder en todo momento a las pol\u00edticas de privacidad de la propia Red Social, as\u00ed como configurar su perfil para garantizar su privacidad.\r\nCASC ANTIC BCN SL tiene acceso y trata aquella informaci\u00f3n p\u00fablica del usuario, en especial, su nombre de contacto. Estos datos, s\u00f3lo son utilizados dentro de la propia Red Social. No son incorporados a ning\u00fan fichero.\r\nEn relaci\u00f3n a los derechos de acceso, rectificaci\u00f3n, cancelaci\u00f3n y oposici\u00f3n, de los que usted dispone y que pueden ser ejercitados ante CASC ANTIC BCN SL, de acuerdo con el RGPD, debe tener en cuenta los siguientes matices: Acceso: Vendr\u00e1 definido por la funcionalidad de la Red Social y la capacidad de acceso a la informaci\u00f3n de los perfiles de los usuarios. Rectificaci\u00f3n: S\u00f3lo podr\u00e1 satisfacerse en relaci\u00f3n a aquella informaci\u00f3n que se encuentre bajo el control de CASC ANTIC BCN SL, por ejemplo, eliminar comentarios publicados en la propia p\u00e1gina. Normalmente, este derecho deber\u00e1 ejercerlo ante la Red Social. Cancelaci\u00f3n y\/u Oposici\u00f3n: Como en el caso anterior, s\u00f3lo podr\u00e1 satisfacerse en relaci\u00f3n a aquella informaci\u00f3n que se encuentre bajo el control de CASC ANTIC BCN SL, por ejemplo, dejar de estar unido al perfil.\r\nCASC ANTIC BCN SL realizar\u00e1 las siguientes actuaciones: Acceso a la informaci\u00f3n p\u00fablica del perfil. Publicaci\u00f3n en el perfil del usuario de toda aquella informaci\u00f3n ya publicada en la p\u00e1gina de CASC ANTIC BCN SL. Enviar mensajes personales e individuales a trav\u00e9s de los canales de la Red Social. Actualizaciones del estado de la p\u00e1gina que se publicar\u00e1n en el perfil del usuario.\r\nEl usuario siempre puede controlar sus conexiones, eliminar los contenidos que dejen de interesarle y restringir con qui\u00e9n comparte sus conexiones, para ello deber\u00e1 acceder a su configuraci\u00f3n de privacidad.\r\n<strong>Publicaciones<\/strong>\r\nEl usuario, una vez unido a la p\u00e1gina de CASC ANTIC BCN SL, podr\u00e1 publicar en \u00e9sta \u00faltima comentarios, enlaces, im\u00e1genes o fotograf\u00edas o cualquier otro tipo de contenido multimedia soportado por la Red Social. El usuario, en todos los casos, debe ser el titular de los mismos, gozar de los derechos de autor y de propiedad intelectual o contar con el consentimiento de los terceros afectados. Se proh\u00edbe expresamente cualquier publicaci\u00f3n en la p\u00e1gina, ya sean textos, gr\u00e1ficos, fotograf\u00edas, v\u00eddeos, etc. que atenten o sean susceptibles de atentar contra la moral, la \u00e9tica, el buen gusto o el decoro, y\/o que infrinjan, violen o quebranten los derechos de propiedad intelectual o industrial, el derecho a la imagen o la Ley. En estos casos, CASC ANTIC BCN SL se reserva el derecho a retirar de inmediato el contenido, pudiendo solicitar el bloqueo permanente del usuario.\r\nCASC ANTIC BCN SL no se har\u00e1 responsable de los contenidos que libremente ha publicado un usuario.\r\nEl usuario debe tener presente que sus publicaciones ser\u00e1n conocidas por los otros usuarios, por lo que \u00e9l mismo es el principal responsable de su privacidad.\r\nLas im\u00e1genes que puedan publicarse en la p\u00e1gina no ser\u00e1n almacenadas en ning\u00fan fichero por parte de CASC ANTIC BCN SL, pero s\u00ed que permanecer\u00e1n en la Red Social.\r\n<strong>Concursos y promociones<\/strong>\r\nCASC ANTIC BCN SL se reserva el derecho a realizar concursos y promociones, en los que podr\u00e1 participar el usuario unido a su p\u00e1gina. Las bases de cada uno de ellos, cuando se utilice para ello la plataforma de la Red Social, ser\u00e1n publicadas en la misma. Cumpliendo siempre con la LSSI-CE y con cualquier otra norma que le sea de aplicaci\u00f3n.\r\nLa Red Social no patrocina, avala ni administra, de modo alguno, ninguna de nuestras promociones, ni est\u00e1 asociada a ninguna de ellas.\r\n<strong>Publicidad<\/strong>\r\nCASC ANTIC BCN SL utilizar\u00e1 la Red Social para publicitar sus productos y servicios, en todo caso, si decide tratar sus datos de contacto para realizar acciones directas de prospecci\u00f3n comercial, ser\u00e1 siempre, cumpliendo con las exigencias legales de la LOPD y de la LSSI-CE.\r\nNo se considerar\u00e1 publicidad el hecho de recomendar a otros usuarios la p\u00e1gina de CASC ANTIC BCN SL para que tambi\u00e9n ellos puedan disfrutar de las promociones o estar informados de su actividad.\r\nA continuaci\u00f3n detallamos el enlace a la pol\u00edtica de privacidad de la Red Social:\r\n\u2022 Facebook: https:\/\/www.facebook.com\/help\/323540651073243\/\r\n\u2022 Twitter: https:\/\/twitter.com\/privacy\r\n\u2022 Instagram: http:\/\/instagram.com\/about\/legal\/privacy\/\r\n\u2022 Linkedin: http:\/\/www.linkedin.com\/legal\/privacy-policy?trk=hb_ft_priv\r\n\u2022 Google +: http:\/\/www.google.com\/intl\/es\/policies\/privacy\/\t\t\t\t\t\t\t\t<\/div>\n\t\t\t\t<\/div>\n\t\t\t\t\t<\/div>\n\t\t\t\t<\/div>\n\t\t\t\t<\/div>\n\t\t","protected":false},"excerpt":{"rendered":"<p>POL\u00cdTICA DE PRIVACIDAD REDES SOCIALES De conformidad con lo establecido en la normativa vigente en Protecci\u00f3n de Datos de Car\u00e1cter Personal (RGPD) y la Ley 34\/2002, de 11 de julio, de Servicios de la Sociedad de la Informaci\u00f3n y de Comercio Electr\u00f3nico (LSSI-CE), CASC ANTIC BCN SL informa a los usuarios, que ha procedido a [&hellip;]<\/p>\n","protected":false},"author":1,"featured_media":0,"parent":0,"menu_order":0,"comment_status":"closed","ping_status":"closed","template":"","meta":{"_seopress_robots_primary_cat":"","_seopress_titles_title":"","_seopress_titles_desc":"","_seopress_robots_index":"","footnotes":""},"class_list":["post-90777","page","type-page","status-publish","hentry"],"_links":{"self":[{"href":"https:\/\/www.cascanticbcn.com\/ca\/wp-json\/wp\/v2\/pages\/90777","targetHints":{"allow":["GET"]}}],"collection":[{"href":"https:\/\/www.cascanticbcn.com\/ca\/wp-json\/wp\/v2\/pages"}],"about":[{"href":"https:\/\/www.cascanticbcn.com\/ca\/wp-json\/wp\/v2\/types\/page"}],"author":[{"embeddable":true,"href":"https:\/\/www.cascanticbcn.com\/ca\/wp-json\/wp\/v2\/users\/1"}],"replies":[{"embeddable":true,"href":"https:\/\/www.cascanticbcn.com\/ca\/wp-json\/wp\/v2\/comments?post=90777"}],"version-history":[{"count":2,"href":"https:\/\/www.cascanticbcn.com\/ca\/wp-json\/wp\/v2\/pages\/90777\/revisions"}],"predecessor-version":[{"id":91648,"href":"https:\/\/www.cascanticbcn.com\/ca\/wp-json\/wp\/v2\/pages\/90777\/revisions\/91648"}],"wp:attachment":[{"href":"https:\/\/www.cascanticbcn.com\/ca\/wp-json\/wp\/v2\/media?parent=90777"}],"curies":[{"name":"wp","href":"https:\/\/api.w.org\/{rel}","templated":true}]}}