{"id":90762,"date":"2024-03-19T19:17:44","date_gmt":"2024-03-19T19:17:44","guid":{"rendered":"https:\/\/www.cascanticbcn.com\/inversiones-y-edificios\/"},"modified":"2024-03-28T16:38:24","modified_gmt":"2024-03-28T16:38:24","slug":"inversiones-y-edificios","status":"publish","type":"page","link":"https:\/\/www.cascanticbcn.com\/en\/inversiones-y-edificios\/","title":{"rendered":"Investments and buildings"},"content":{"rendered":"\t\t<div data-elementor-type=\"wp-page\" data-elementor-id=\"90762\" class=\"elementor elementor-90762 elementor-90357\" data-elementor-post-type=\"page\">\n\t\t\t\t<div class=\"elementor-element elementor-element-94cc46a e-flex e-con-boxed e-con e-parent\" data-id=\"94cc46a\" data-element_type=\"container\">\n\t\t\t\t\t<div class=\"e-con-inner\">\n\t\t\t\t<div class=\"elementor-element elementor-element-56115ff1 elementor-widget elementor-widget-text-editor\" data-id=\"56115ff1\" data-element_type=\"widget\" data-widget_type=\"text-editor.default\">\n\t\t\t\t<div class=\"elementor-widget-container\">\n\t\t\t\t\t\t\t\t\t\r\n\r\n&nbsp;\r\n<p style=\"text-align: left;\">Nos gustar\u00eda contar con su finca en nuestra cartera. Si necesita vender su edificio en el casco antiguo de Barcelona, con o sin inquilinos, en \u201cCasc Antic BCN\u201d disponemos de una cartera de clientes nacionales e internacionales con los que mantenemos una estrecha relaci\u00f3n.<\/p>\r\n<p style=\"text-align: left;\">Nuestra estrategia se centra en la especializaci\u00f3n, lo que nos permite conocer perfectamente la din\u00e1mica de este mercado.<\/p>\r\n<p style=\"text-align: left;\">Ofrecemos asesoramiento para la compra-venta de su patrimonio utilizando un modelo de gesti\u00f3n personalizado y discreto.<\/p>\r\n\r\n<h2 style=\"text-align: center;\">Para m\u00e1s informaci\u00f3n contactar con <strong>Jenaro L\u00f3pez<\/strong><\/h2>\r\n<h3 style=\"text-align: center;\"><strong>Tel\u00e9fono:<\/strong> +34 670 098 977 &#8211; <strong>Email:<\/strong> jenaro@cascanticbcn.com<\/h3>\t\t\t\t\t\t\t\t<\/div>\n\t\t\t\t<\/div>\n\t\t\t\t\t<\/div>\n\t\t\t\t<\/div>\n\t\t\t\t<\/div>\n\t\t","protected":false},"excerpt":{"rendered":"<p>&nbsp; Nos gustar\u00eda contar con su finca en nuestra cartera. Si necesita vender su edificio en el casco antiguo de Barcelona, con o sin inquilinos, en \u201cCasc Antic BCN\u201d disponemos de una cartera de clientes nacionales e internacionales con los que mantenemos una estrecha relaci\u00f3n. Nuestra estrategia se centra en la especializaci\u00f3n, lo que nos [&hellip;]<\/p>\n","protected":false},"author":1,"featured_media":0,"parent":0,"menu_order":0,"comment_status":"closed","ping_status":"closed","template":"template\/template-homepage.php","meta":{"_seopress_robots_primary_cat":"","_seopress_titles_title":"","_seopress_titles_desc":"","_seopress_robots_index":"","footnotes":""},"class_list":["post-90762","page","type-page","status-publish","hentry"],"_links":{"self":[{"href":"https:\/\/www.cascanticbcn.com\/en\/wp-json\/wp\/v2\/pages\/90762","targetHints":{"allow":["GET"]}}],"collection":[{"href":"https:\/\/www.cascanticbcn.com\/en\/wp-json\/wp\/v2\/pages"}],"about":[{"href":"https:\/\/www.cascanticbcn.com\/en\/wp-json\/wp\/v2\/types\/page"}],"author":[{"embeddable":true,"href":"https:\/\/www.cascanticbcn.com\/en\/wp-json\/wp\/v2\/users\/1"}],"replies":[{"embeddable":true,"href":"https:\/\/www.cascanticbcn.com\/en\/wp-json\/wp\/v2\/comments?post=90762"}],"version-history":[{"count":2,"href":"https:\/\/www.cascanticbcn.com\/en\/wp-json\/wp\/v2\/pages\/90762\/revisions"}],"predecessor-version":[{"id":91383,"href":"https:\/\/www.cascanticbcn.com\/en\/wp-json\/wp\/v2\/pages\/90762\/revisions\/91383"}],"wp:attachment":[{"href":"https:\/\/www.cascanticbcn.com\/en\/wp-json\/wp\/v2\/media?parent=90762"}],"curies":[{"name":"wp","href":"https:\/\/api.w.org\/{rel}","templated":true}]}}