{"id":90755,"date":"2016-05-10T03:48:21","date_gmt":"2016-05-10T03:48:21","guid":{"rendered":"https:\/\/www.cascanticbcn.com\/sample-page\/"},"modified":"2024-04-02T15:03:26","modified_gmt":"2024-04-02T15:03:26","slug":"condiciones-de-uso","status":"publish","type":"page","link":"https:\/\/www.cascanticbcn.com\/fr\/condiciones-de-uso\/","title":{"rendered":"Conditions d&#8217;utilisation"},"content":{"rendered":"\t\t<div data-elementor-type=\"wp-page\" data-elementor-id=\"90755\" class=\"elementor elementor-90755 elementor-2\" data-elementor-post-type=\"page\">\n\t\t\t\t<div class=\"elementor-element elementor-element-53c83f8e e-flex e-con-boxed e-con e-parent\" data-id=\"53c83f8e\" data-element_type=\"container\">\n\t\t\t\t\t<div class=\"e-con-inner\">\n\t\t\t\t<div class=\"elementor-element elementor-element-1b9d4825 elementor-widget elementor-widget-text-editor\" data-id=\"1b9d4825\" data-element_type=\"widget\" data-widget_type=\"text-editor.default\">\n\t\t\t\t<div class=\"elementor-widget-container\">\n\t\t\t\t\t\t\t\t\t<p>Conform\u00e9ment \u00e0 la loi 34\/2002 du 11 juillet sur les services de la soci\u00e9t\u00e9 de l&#8217;information et du commerce \u00e9lectronique (LSSI-CE), CASC ANTIC BCN SL informe qu&#8217;elle est propri\u00e9taire du site web <a href=\"http:\/\/www.cascanticbcn.com\/\" target=\"_new\">WWW.CASCANTICBCN.COM<\/a>. Conform\u00e9ment aux dispositions de l&#8217;article 10 de ladite loi, CASC ANTIC BCN SL informe des \u00e9l\u00e9ments suivants :<\/p><p>Le propri\u00e9taire de ce site web est CASC ANTIC BCN SL, avec le CIF B63399018 et l&#8217;adresse enregistr\u00e9e \u00e0 RAMBLA DEL RAVAL 37 08001, BARCELONE, inscrite au Registre du Commerce, au tome 36214, folio 71, feuille B280981 et inscription 1. L&#8217;adresse e-mail de contact avec l&#8217;entreprise est : <a target=\"_new\">INFO@CASCANTICBCN.COM<\/a>.<\/p><p><strong>Utilisateur et r\u00e9gime de responsabilit\u00e9<\/strong><\/p><p>La navigation, l&#8217;acc\u00e8s et l&#8217;utilisation du site web de CASC ANTIC BCN SL impliquent la condition d&#8217;utilisateur, qui accepte, \u00e0 partir de la navigation sur ledit site, toutes les conditions d&#8217;utilisation \u00e9tablies ici, sans pr\u00e9judice de l&#8217;application des r\u00e9glementations l\u00e9gales correspondantes obligatoires le cas \u00e9ch\u00e9ant.<\/p><p>Le site web de CASC ANTIC BCN SL propose une grande vari\u00e9t\u00e9 d&#8217;informations, de services et de donn\u00e9es. L&#8217;utilisateur assume la responsabilit\u00e9 de l&#8217;utilisation correcte du site web. Cette responsabilit\u00e9 s&#8217;\u00e9tendra \u00e0 :<\/p><ul><li>La v\u00e9racit\u00e9 et la l\u00e9galit\u00e9 des informations fournies par l&#8217;utilisateur dans les formulaires fournis par CASC ANTIC BCN SL pour l&#8217;acc\u00e8s \u00e0 certains contenus ou services propos\u00e9s par le site.<\/li><li>L&#8217;utilisation des informations, services et donn\u00e9es offerts par CASC ANTIC BCN SL contrairement aux dispositions des pr\u00e9sentes conditions, de la loi, de la morale, des bonnes m\u0153urs ou de l&#8217;ordre public, ou qui pourraient d&#8217;une autre mani\u00e8re porter atteinte aux droits de tiers ou au bon fonctionnement du site.<\/li><\/ul><p><strong>Politique de liens et exemptions de responsabilit\u00e9<\/strong><\/p><p>CASC ANTIC BCN SL n&#8217;est pas responsable du contenu des sites web auxquels l&#8217;utilisateur peut acc\u00e9der via les liens \u00e9tablis sur son site web et d\u00e9clare qu&#8217;elle n&#8217;examinera en aucun cas le contenu d&#8217;autres sites du r\u00e9seau ni n&#8217;exercera de contr\u00f4le sur ce contenu. De m\u00eame, elle ne garantit pas la disponibilit\u00e9 technique, l&#8217;exactitude, la v\u00e9racit\u00e9, la validit\u00e9 ou la l\u00e9galit\u00e9 des sites n&#8217;appartenant pas \u00e0 sa propri\u00e9t\u00e9 auxquels il est possible d&#8217;acc\u00e9der via des liens.<\/p><p>CASC ANTIC BCN SL d\u00e9clare avoir pris toutes les mesures n\u00e9cessaires pour \u00e9viter tout dommage aux utilisateurs de son site web pouvant d\u00e9couler de la navigation sur le site. Par cons\u00e9quent, CASC ANTIC BCN SL n&#8217;est en aucun cas responsable des \u00e9ventuels dommages subis par l&#8217;utilisateur lors de la navigation sur Internet.<\/p><p><strong>Modifications<\/strong><\/p><p>CASC ANTIC BCN SL se r\u00e9serve le droit d&#8217;apporter les modifications qu&#8217;elle juge appropri\u00e9es, sans pr\u00e9avis, au contenu de son site web, que ce soit en ce qui concerne le contenu du site web ou les conditions de son utilisation. Ces modifications peuvent \u00eatre apport\u00e9es via le site web de quelque mani\u00e8re que ce soit l\u00e9galement admissible et seront contraignantes pendant la dur\u00e9e de leur publication sur le site et jusqu&#8217;\u00e0 ce qu&#8217;elles soient modifi\u00e9es de mani\u00e8re valide par des modifications ult\u00e9rieures.<\/p><p><strong>Protection des donn\u00e9es<\/strong><\/p><p>Conform\u00e9ment aux dispositions de la r\u00e9glementation en vigueur sur la protection des donn\u00e9es personnelles, nous vous informons que vos donn\u00e9es seront int\u00e9gr\u00e9es dans le syst\u00e8me de traitement d\u00e9tenu par CASC ANTIC BCN SL avec le CIF B63399018 et l&#8217;adresse enregistr\u00e9e \u00e0 RAMBLA DEL RAVAL 37 08001, BARCELONE, dans le but de faciliter, d&#8217;acc\u00e9l\u00e9rer et de respecter les engagements \u00e9tablis entre les deux parties.<\/p><p>Conform\u00e9ment \u00e0 la r\u00e9glementation en vigueur, CASC ANTIC BCN SL informe que les donn\u00e9es seront conserv\u00e9es pendant la p\u00e9riode strictement n\u00e9cessaire pour se conformer aux pr\u00e9ceptes susmentionn\u00e9s.<\/p><p>Sauf indication contraire de votre part, nous consid\u00e9rerons que vos donn\u00e9es n&#8217;ont pas \u00e9t\u00e9 modifi\u00e9es, que vous vous engagez \u00e0 nous informer de toute variation et que nous avons votre consentement pour les utiliser aux fins mentionn\u00e9es.<\/p><p>CASC ANTIC BCN SL informe qu&#8217;elle traitera les donn\u00e9es de mani\u00e8re l\u00e9gale, \u00e9quitable, transparente, appropri\u00e9e, pertinente, limit\u00e9e, exacte et \u00e0 jour. Par cons\u00e9quent, CASC ANTIC BCN SL s&#8217;engage \u00e0 adopter toutes les mesures raisonnables pour que ces donn\u00e9es soient supprim\u00e9es ou rectifi\u00e9es sans d\u00e9lai lorsqu&#8217;elles sont inexactes.<\/p><p>Conform\u00e9ment aux droits conf\u00e9r\u00e9s par la r\u00e9glementation actuelle sur la protection des donn\u00e9es, vous pouvez exercer les droits d&#8217;acc\u00e8s, de rectification, de limitation du traitement, de suppression, de portabilit\u00e9 et d&#8217;opposition au traitement de vos donn\u00e9es personnelles, ainsi que le consentement donn\u00e9 pour leur traitement, en envoyant votre demande \u00e0 l&#8217;adresse postale indiqu\u00e9e ci-dessus ou \u00e0 l&#8217;adresse e-mail <a target=\"_new\">INFO@CASCANTICBCN.COM<\/a>.<\/p><p>Vous pouvez vous adresser \u00e0 l&#8217;Autorit\u00e9 de contr\u00f4le comp\u00e9tente pour pr\u00e9senter la r\u00e9clamation que vous jugez appropri\u00e9e.<\/p><p><strong>Certificat SSL (Secure Sockets Layer)<\/strong><\/p><p>Le CERTIFICAT SSL assure l&#8217;authentification, la confidentialit\u00e9 et la s\u00e9curit\u00e9 des informations entre CASC ANTIC BCN SL et l&#8217;utilisateur.<\/p><p>CASC ANTIC BCN SL dispose d&#8217;un certificat de s\u00e9curit\u00e9 utilis\u00e9 par CERTIFICAT SSL pour \u00e9tablir des connexions s\u00e9curis\u00e9es.<\/p><p>Dans ce processus, plusieurs param\u00e8tres sont \u00e9tablis pour \u00e9tablir la connexion de mani\u00e8re s\u00e9curis\u00e9e, en utilisant des cl\u00e9s pr\u00e9\u00e9tablies, cryptant et d\u00e9cryptant toutes les donn\u00e9es envoy\u00e9es jusqu&#8217;\u00e0 ce que la connexion soit ferm\u00e9e.<\/p><p><strong>Propri\u00e9t\u00e9 intellectuelle et industrielle<\/strong><\/p><p>CASC ANTIC BCN SL, que ce soit en son nom propre ou en tant que cessionnaire, est propri\u00e9taire de tous les droits de propri\u00e9t\u00e9 intellectuelle et industrielle de son site web, ainsi que des \u00e9l\u00e9ments qui y sont contenus (notamment, mais de mani\u00e8re non limitative, images, son, audio, vid\u00e9o, logiciels ou textes ; marques ou logos, combinaisons de couleurs, structure et design, s\u00e9lection des mat\u00e9riaux utilis\u00e9s, programmes informatiques n\u00e9cessaires \u00e0 son fonctionnement, acc\u00e8s et utilisation, etc.), d\u00e9tenus par CASC ANTIC BCN SL. Par cons\u00e9quent, ils sont des \u0153uvres prot\u00e9g\u00e9es par la propri\u00e9t\u00e9 intellectuelle en vertu du droit espagnol, \u00e9tant applicable \u00e0 ceux-ci \u00e0 la fois la l\u00e9gislation espagnole et de l&#8217;UE dans ce domaine, ainsi que les trait\u00e9s internationaux relatifs \u00e0 la mati\u00e8re et sign\u00e9s par l&#8217;Espagne.<\/p><p>Tous droits r\u00e9serv\u00e9s. Conform\u00e9ment \u00e0 la loi sur la propri\u00e9t\u00e9 intellectuelle, la reproduction, la distribution et la communication publique, y compris leur mode de mise \u00e0 disposition, de tout ou partie du contenu de ce site Web, \u00e0 des fins commerciales, sur tout support et par tout moyen technique, sans l&#8217;autorisation de CASC ANTIC BCN SL, sont express\u00e9ment interdites.<\/p><p>L&#8217;utilisateur s&#8217;engage \u00e0 respecter les droits de propri\u00e9t\u00e9 intellectuelle et industrielle d\u00e9tenus par CASC ANTIC BCN SL. Vous pouvez consulter les \u00e9l\u00e9ments du portail et m\u00eame les imprimer, les copier et les stocker sur le disque dur de votre ordinateur ou sur tout autre support physique, tant que c&#8217;est uniquement et exclusivement pour votre usage personnel et priv\u00e9. L&#8217;utilisateur doit s&#8217;abstenir de supprimer, modifier, contourner ou manipuler tout dispositif de protection ou syst\u00e8me de s\u00e9curit\u00e9 install\u00e9 sur les pages de CASC ANTIC BCN SL.<\/p><p><strong>Actions en justice, l\u00e9gislation applicable et juridiction<\/strong><\/p><p>CASC ANTIC BCN SL se r\u00e9serve le droit d&#8217;intenter des actions civiles ou p\u00e9nales qu&#8217;elle estime appropri\u00e9es en cas d&#8217;utilisation abusive de son site web et de son contenu, ou de non-respect de ces termes et conditions.<\/p><p>La relation entre l&#8217;utilisateur et le fournisseur sera r\u00e9gie par la r\u00e9glementation en vigueur et applicable sur le territoire espagnol. En cas de litige, les parties peuvent soumettre leurs conflits \u00e0 l&#8217;arbitrage ou recourir \u00e0 la juridiction ordinaire, en respectant les r\u00e8gles de comp\u00e9tence et de comp\u00e9tence \u00e0 cet \u00e9gard. CASC ANTIC BCN SL a son si\u00e8ge social \u00e0 BARCELONE, Espagne.<\/p>\t\t\t\t\t\t\t\t<\/div>\n\t\t\t\t<\/div>\n\t\t\t\t\t<\/div>\n\t\t\t\t<\/div>\n\t\t\t\t<\/div>\n\t\t","protected":false},"excerpt":{"rendered":"<p>Conform\u00e9ment \u00e0 la loi 34\/2002 du 11 juillet sur les services de la soci\u00e9t\u00e9 de l&#8217;information et du commerce \u00e9lectronique (LSSI-CE), CASC ANTIC BCN SL informe qu&#8217;elle est propri\u00e9taire du site web WWW.CASCANTICBCN.COM. Conform\u00e9ment aux dispositions de l&#8217;article 10 de ladite loi, CASC ANTIC BCN SL informe des \u00e9l\u00e9ments suivants : Le propri\u00e9taire de ce [&hellip;]<\/p>\n","protected":false},"author":1,"featured_media":0,"parent":0,"menu_order":0,"comment_status":"closed","ping_status":"closed","template":"","meta":{"_seopress_robots_primary_cat":"","_seopress_titles_title":"","_seopress_titles_desc":"","_seopress_robots_index":"","footnotes":""},"class_list":["post-90755","page","type-page","status-publish","hentry"],"_links":{"self":[{"href":"https:\/\/www.cascanticbcn.com\/fr\/wp-json\/wp\/v2\/pages\/90755","targetHints":{"allow":["GET"]}}],"collection":[{"href":"https:\/\/www.cascanticbcn.com\/fr\/wp-json\/wp\/v2\/pages"}],"about":[{"href":"https:\/\/www.cascanticbcn.com\/fr\/wp-json\/wp\/v2\/types\/page"}],"author":[{"embeddable":true,"href":"https:\/\/www.cascanticbcn.com\/fr\/wp-json\/wp\/v2\/users\/1"}],"replies":[{"embeddable":true,"href":"https:\/\/www.cascanticbcn.com\/fr\/wp-json\/wp\/v2\/comments?post=90755"}],"version-history":[{"count":6,"href":"https:\/\/www.cascanticbcn.com\/fr\/wp-json\/wp\/v2\/pages\/90755\/revisions"}],"predecessor-version":[{"id":91653,"href":"https:\/\/www.cascanticbcn.com\/fr\/wp-json\/wp\/v2\/pages\/90755\/revisions\/91653"}],"wp:attachment":[{"href":"https:\/\/www.cascanticbcn.com\/fr\/wp-json\/wp\/v2\/media?parent=90755"}],"curies":[{"name":"wp","href":"https:\/\/api.w.org\/{rel}","templated":true}]}}