{"id":90771,"date":"2024-03-20T20:00:20","date_gmt":"2024-03-20T20:00:20","guid":{"rendered":"https:\/\/www.cascanticbcn.com\/mas-informacion-sobre-las-cookies\/"},"modified":"2024-03-21T17:20:00","modified_gmt":"2024-03-21T17:20:00","slug":"mas-informacion-sobre-las-cookies","status":"publish","type":"page","link":"https:\/\/www.cascanticbcn.com\/fr\/mas-informacion-sobre-las-cookies\/","title":{"rendered":"Plus d&#8217;informations sur les cookies"},"content":{"rendered":"\t\t<div data-elementor-type=\"wp-page\" data-elementor-id=\"90771\" class=\"elementor elementor-90771 elementor-90455\" data-elementor-post-type=\"page\">\n\t\t\t\t<div class=\"elementor-element elementor-element-2123c8e0 e-flex e-con-boxed e-con e-parent\" data-id=\"2123c8e0\" data-element_type=\"container\">\n\t\t\t\t\t<div class=\"e-con-inner\">\n\t\t\t\t<div class=\"elementor-element elementor-element-ed0fb25 elementor-widget elementor-widget-text-editor\" data-id=\"ed0fb25\" data-element_type=\"widget\" data-widget_type=\"text-editor.default\">\n\t\t\t\t<div class=\"elementor-widget-container\">\n\t\t\t\t\t\t\t\t\t<p>Qu&#8217;est-ce qu&#8217;un cookie ? Un cookie est un fichier texte inoffensif qui est stock\u00e9 dans votre navigateur lorsque vous visitez presque n&#8217;importe quel site Web. Le but du cookie est que le site Web puisse se souvenir de votre visite lorsque vous naviguez \u00e0 nouveau sur cette page. Bien que beaucoup de gens ne le sachent pas, les cookies sont utilis\u00e9s depuis 20 ans, depuis l&#8217;apparition des premiers navigateurs pour le World Wide Web.<\/p><p>Qu&#8217;est-ce qu&#8217;un cookie N&#8217;EST PAS ? Ce n&#8217;est pas un virus, ni un cheval de Troie, ni un ver, ni un spam, ni un logiciel espion, ni un ouvre fen\u00eatre pop-up.<\/p><p>Quelles informations stocke un cookie ? Les cookies ne stockent g\u00e9n\u00e9ralement pas d&#8217;informations sensibles vous concernant, telles que les cartes de cr\u00e9dit ou les donn\u00e9es bancaires, les photographies, votre num\u00e9ro d&#8217;identification, ou des informations personnelles, etc. Les donn\u00e9es qu&#8217;ils stockent sont de nature technique, des pr\u00e9f\u00e9rences personnelles, la personnalisation du contenu, etc.<\/p><p>Le serveur web ne vous associe pas en tant que personne mais plut\u00f4t \u00e0 votre navigateur web. En fait, si vous naviguez r\u00e9guli\u00e8rement avec Internet Explorer et que vous essayez de naviguer sur le m\u00eame site avec Firefox ou Chrome, vous verrez que le site ne r\u00e9alise pas que vous \u00eates la m\u00eame personne car il est en r\u00e9alit\u00e9 associ\u00e9 au navigateur, et non \u00e0 la personne.<\/p><p>Quels types de cookies existe-t-il ? Cookies techniques : Ce sont les plus \u00e9l\u00e9mentaires et permettent, entre autres choses, de savoir quand un humain navigue ou une application automatis\u00e9e, quand un utilisateur anonyme et un utilisateur enregistr\u00e9 naviguent, des t\u00e2ches de base pour le fonctionnement de n&#8217;importe quel site web dynamique. Cookies analytiques : Ils collectent des informations sur le type de navigation effectu\u00e9e, les sections les plus utilis\u00e9es, les produits consult\u00e9s, la plage horaire d&#8217;utilisation, la langue, etc. Cookies publicitaires : Ils affichent des publicit\u00e9s en fonction de votre navigation, de votre pays d&#8217;origine, de votre langue, etc.<\/p><p>Quels sont les cookies propri\u00e9taires et les cookies tiers ? Les cookies propri\u00e9taires sont g\u00e9n\u00e9r\u00e9s par la page que vous visitez, et les cookies tiers sont g\u00e9n\u00e9r\u00e9s par des services ou fournisseurs externes tels que Facebook, Twitter, Google, etc.<\/p><p>Que se passe-t-il si je d\u00e9sactive les cookies ? Pour comprendre l&#8217;\u00e9tendue de la d\u00e9sactivation des cookies, voici quelques exemples :<\/p><p>Vous ne pourrez pas partager le contenu de ce site sur Facebook, Twitter ou tout autre r\u00e9seau social. Le site Web ne pourra pas adapter le contenu \u00e0 vos pr\u00e9f\u00e9rences personnelles, comme c&#8217;est g\u00e9n\u00e9ralement le cas dans les magasins en ligne. Vous ne pourrez pas acc\u00e9der \u00e0 la zone personnelle de ce site Web, telle que Mon compte, ou Mon profil, ou Mes commandes. Boutiques en ligne : Il vous sera impossible de faire des achats en ligne ; ils devront \u00eatre faits par t\u00e9l\u00e9phone ou en visitant le magasin physique s&#8217;il est disponible. Vous ne pourrez pas personnaliser vos pr\u00e9f\u00e9rences g\u00e9ographiques telles que le fuseau horaire, la devise ou la langue. Le site Web ne pourra pas effectuer d&#8217;analyses web sur les visiteurs et le trafic sur le site, ce qui rendra difficile la comp\u00e9titivit\u00e9 du site Web. Vous ne pourrez pas \u00e9crire dans le blog, t\u00e9l\u00e9charger des photos, poster des commentaires, noter ou \u00e9valuer le contenu. Le site Web ne pourra pas non plus savoir si vous \u00eates un humain ou une application automatis\u00e9e qui publie du spam. La publicit\u00e9 cibl\u00e9e ne pourra pas \u00eatre affich\u00e9e, ce qui r\u00e9duira les revenus publicitaires du site. Tous les r\u00e9seaux sociaux utilisent des cookies ; si vous les d\u00e9sactivez, vous ne pourrez pas utiliser de r\u00e9seau social.<\/p><p>Les cookies peuvent-ils \u00eatre supprim\u00e9s ? Oui. Non seulement les supprimer, mais aussi les bloquer, g\u00e9n\u00e9ralement ou sp\u00e9cifiquement pour un domaine sp\u00e9cifique.<\/p><p>Pour supprimer les cookies d&#8217;un site Web, vous devez acc\u00e9der aux param\u00e8tres de votre navigateur et l\u00e0 vous pouvez rechercher ceux associ\u00e9s au domaine en question et proc\u00e9der \u00e0 leur suppression.<\/p><p>Param\u00e8tres des cookies pour les navigateurs les plus populaires Voici comment acc\u00e9der \u00e0 un cookie sp\u00e9cifique depuis le navigateur Chrome. Remarque : Ces \u00e9tapes peuvent varier en fonction de la version du navigateur :<\/p><p>Allez dans Param\u00e8tres ou Pr\u00e9f\u00e9rences via le menu Fichier ou en cliquant sur l&#8217;ic\u00f4ne de personnalisation qui appara\u00eet en haut \u00e0 droite. Vous verrez diff\u00e9rentes sections ; cliquez sur Afficher les options avanc\u00e9es. Allez dans Confidentialit\u00e9, Param\u00e8tres du contenu. S\u00e9lectionnez Tous les cookies et les donn\u00e9es du site. Une liste appara\u00eetra avec tous les cookies tri\u00e9s par domaine. Pour faciliter la recherche des cookies d&#8217;un domaine particulier, saisissez partiellement ou compl\u00e8tement l&#8217;adresse dans le champ Rechercher des cookies. Apr\u00e8s avoir appliqu\u00e9 ce filtre, une ou plusieurs lignes avec les cookies du site Web demand\u00e9 appara\u00eetront \u00e0 l&#8217;\u00e9cran. Il vous suffit maintenant de le s\u00e9lectionner et de cliquer sur X pour proc\u00e9der \u00e0 sa suppression. Pour acc\u00e9der aux param\u00e8tres des cookies du navigateur Internet Explorer, suivez ces \u00e9tapes (elles peuvent varier en fonction de la version du navigateur) :<\/p><p>Allez dans Outils, Options Internet Cliquez sur Confidentialit\u00e9. D\u00e9placez le curseur pour ajuster le niveau de confidentialit\u00e9 souhait\u00e9. Pour acc\u00e9der aux param\u00e8tres des cookies du navigateur Firefox, suivez ces \u00e9tapes (elles peuvent varier en fonction de la version du navigateur) :<\/p><p>Allez dans Options ou Pr\u00e9f\u00e9rences selon votre syst\u00e8me d&#8217;exploitation. Cliquez sur Confidentialit\u00e9. Sous Historique, choisissez Utiliser des param\u00e8tres personnalis\u00e9s pour l&#8217;historique. Vous verrez maintenant l&#8217;option Accepter les cookies, vous pouvez l&#8217;activer ou la d\u00e9sactiver selon vos pr\u00e9f\u00e9rences. Pour acc\u00e9der aux param\u00e8tres des cookies du navigateur Safari pour OSX, suivez ces \u00e9tapes (elles peuvent varier en fonction de la version du navigateur) :<\/p><p>Allez dans Pr\u00e9f\u00e9rences, puis Confidentialit\u00e9. Ici, vous verrez l&#8217;option Bloquer les cookies pour ajuster le type de blocage que vous souhaitez effectuer. Pour acc\u00e9der aux param\u00e8tres des cookies du navigateur Safari pour iOS, suivez ces \u00e9tapes (elles peuvent varier en fonction de la version du navigateur) :<\/p><p>Allez dans R\u00e9glages, puis Safari. Allez dans Confidentialit\u00e9 et s\u00e9curit\u00e9, vous verrez l&#8217;option Bloquer les cookies pour<\/p>\t\t\t\t\t\t\t\t<\/div>\n\t\t\t\t<\/div>\n\t\t\t\t\t<\/div>\n\t\t\t\t<\/div>\n\t\t\t\t<\/div>\n\t\t","protected":false},"excerpt":{"rendered":"<p>Qu&#8217;est-ce qu&#8217;un cookie ? Un cookie est un fichier texte inoffensif qui est stock\u00e9 dans votre navigateur lorsque vous visitez presque n&#8217;importe quel site Web. Le but du cookie est que le site Web puisse se souvenir de votre visite lorsque vous naviguez \u00e0 nouveau sur cette page. Bien que beaucoup de gens ne le [&hellip;]<\/p>\n","protected":false},"author":1,"featured_media":0,"parent":0,"menu_order":0,"comment_status":"closed","ping_status":"closed","template":"","meta":{"_seopress_robots_primary_cat":"","_seopress_titles_title":"","_seopress_titles_desc":"","_seopress_robots_index":"","footnotes":""},"class_list":["post-90771","page","type-page","status-publish","hentry"],"_links":{"self":[{"href":"https:\/\/www.cascanticbcn.com\/fr\/wp-json\/wp\/v2\/pages\/90771","targetHints":{"allow":["GET"]}}],"collection":[{"href":"https:\/\/www.cascanticbcn.com\/fr\/wp-json\/wp\/v2\/pages"}],"about":[{"href":"https:\/\/www.cascanticbcn.com\/fr\/wp-json\/wp\/v2\/types\/page"}],"author":[{"embeddable":true,"href":"https:\/\/www.cascanticbcn.com\/fr\/wp-json\/wp\/v2\/users\/1"}],"replies":[{"embeddable":true,"href":"https:\/\/www.cascanticbcn.com\/fr\/wp-json\/wp\/v2\/comments?post=90771"}],"version-history":[{"count":5,"href":"https:\/\/www.cascanticbcn.com\/fr\/wp-json\/wp\/v2\/pages\/90771\/revisions"}],"predecessor-version":[{"id":90814,"href":"https:\/\/www.cascanticbcn.com\/fr\/wp-json\/wp\/v2\/pages\/90771\/revisions\/90814"}],"wp:attachment":[{"href":"https:\/\/www.cascanticbcn.com\/fr\/wp-json\/wp\/v2\/media?parent=90771"}],"curies":[{"name":"wp","href":"https:\/\/api.w.org\/{rel}","templated":true}]}}