{"id":90779,"date":"2024-03-20T20:02:57","date_gmt":"2024-03-20T20:02:57","guid":{"rendered":"https:\/\/www.cascanticbcn.com\/politica-de-privacidad-en-redes-sociales\/"},"modified":"2024-04-02T15:02:40","modified_gmt":"2024-04-02T15:02:40","slug":"politica-de-privacidad-en-redes-sociales","status":"publish","type":"page","link":"https:\/\/www.cascanticbcn.com\/fr\/politica-de-privacidad-en-redes-sociales\/","title":{"rendered":"Politique de confidentialit\u00e9"},"content":{"rendered":"\t\t<div data-elementor-type=\"wp-page\" data-elementor-id=\"90779\" class=\"elementor elementor-90779 elementor-90462\" data-elementor-post-type=\"page\">\n\t\t\t\t<div class=\"elementor-element elementor-element-5c9b4e64 e-flex e-con-boxed e-con e-parent\" data-id=\"5c9b4e64\" data-element_type=\"container\">\n\t\t\t\t\t<div class=\"e-con-inner\">\n\t\t\t\t<div class=\"elementor-element elementor-element-3f605c6a elementor-widget elementor-widget-text-editor\" data-id=\"3f605c6a\" data-element_type=\"widget\" data-widget_type=\"text-editor.default\">\n\t\t\t\t<div class=\"elementor-widget-container\">\n\t\t\t\t\t\t\t\t\t<p>Conform\u00e9ment aux dispositions de la r\u00e9glementation en vigueur sur la protection des donn\u00e9es personnelles (RGPD) et \u00e0 la loi n\u00b0 34\/2002 du 11 juillet sur les services de la soci\u00e9t\u00e9 de l&#8217;information et du commerce \u00e9lectronique (LSSI-CE), CASC ANTIC BCN SL informe les utilisateurs qu&#8217;elle a cr\u00e9\u00e9 un profil sur le\/les r\u00e9seau(x) social(aux) Facebook, Twitter, Instagram, Linkedin, Google +, dans le but principal de promouvoir ses produits et services.<\/p><p>Donn\u00e9es de CASC ANTIC BCN SL : Num\u00e9ro de TVA : B63399018 ADRESSE : RAMBLA DEL RAVAL 37 08001, BARCELONE EMAIL : <a target=\"_new\">INFO@CASCANTICBCN.COM<\/a> SITE WEB : <a href=\"http:\/\/www.cascanticbcn.com\/\" target=\"_new\">WWW.CASCANTICBCN.COM<\/a><\/p><p>L&#8217;utilisateur dispose d&#8217;un profil sur le m\u00eame r\u00e9seau social et a d\u00e9cid\u00e9 de rejoindre la page cr\u00e9\u00e9e par CASC ANTIC BCN SL, manifestant ainsi son int\u00e9r\u00eat pour les informations publi\u00e9es sur le r\u00e9seau. En rejoignant notre page, vous nous donnez votre consentement pour le traitement des donn\u00e9es personnelles publi\u00e9es dans votre profil.<\/p><p>L&#8217;utilisateur peut \u00e0 tout moment acc\u00e9der aux politiques de confidentialit\u00e9 du r\u00e9seau social lui-m\u00eame et configurer son profil pour garantir sa confidentialit\u00e9.<\/p><p>CASC ANTIC BCN SL a acc\u00e8s et traite les informations publiques de l&#8217;utilisateur, notamment son nom de contact. Ces donn\u00e9es ne sont utilis\u00e9es que dans le r\u00e9seau social lui-m\u00eame. Elles ne sont pas incorpor\u00e9es \u00e0 un fichier quelconque.<\/p><p>En ce qui concerne les droits d&#8217;acc\u00e8s, de rectification, d&#8217;annulation et d&#8217;opposition dont vous disposez et que vous pouvez exercer aupr\u00e8s de CASC ANTIC BCN SL, conform\u00e9ment au RGPD, vous devez tenir compte des nuances suivantes : Acc\u00e8s : Il sera d\u00e9fini par la fonctionnalit\u00e9 du r\u00e9seau social et la capacit\u00e9 d&#8217;acc\u00e9der aux informations des profils des utilisateurs.<\/p><p>Rectification : Elle ne peut \u00eatre satisfaite qu&#8217;en ce qui concerne les informations qui sont sous le contr\u00f4le de CASC ANTIC BCN SL, par exemple, la suppression de commentaires publi\u00e9s sur la page elle-m\u00eame. Normalement, ce droit doit \u00eatre exerc\u00e9 aupr\u00e8s du r\u00e9seau social.<\/p><p>Annulation et\/ou Opposition : Comme dans le cas pr\u00e9c\u00e9dent, elle ne peut \u00eatre satisfaite qu&#8217;en ce qui concerne les informations qui sont sous le contr\u00f4le de CASC ANTIC BCN SL, par exemple, cesser d&#8217;\u00eatre li\u00e9 au profil.<\/p><p>CASC ANTIC BCN SL effectuera les actions suivantes : Acc\u00e8s aux informations publiques du profil. Publication sur le profil de l&#8217;utilisateur de toutes les informations d\u00e9j\u00e0 publi\u00e9es sur la page de CASC ANTIC BCN SL. Envoi de messages personnels et individuels via les canaux du r\u00e9seau social. Mises \u00e0 jour du statut de la page qui seront publi\u00e9es sur le profil de l&#8217;utilisateur.<\/p><p>L&#8217;utilisateur peut toujours contr\u00f4ler ses connexions, supprimer le contenu qui ne l&#8217;int\u00e9resse plus et restreindre avec qui il partage ses connexions, pour cela il doit acc\u00e9der \u00e0 ses param\u00e8tres de confidentialit\u00e9.<\/p><p>Publications<\/p><p>Une fois membre de la page de CASC ANTIC BCN SL, l&#8217;utilisateur peut publier des commentaires, des liens, des images ou des photographies ou tout autre type de contenu multim\u00e9dia pris en charge par le r\u00e9seau social. L&#8217;utilisateur doit, dans tous les cas, \u00eatre le propri\u00e9taire de ces \u00e9l\u00e9ments, jouir des droits d&#8217;auteur et des droits de propri\u00e9t\u00e9 intellectuelle ou avoir le consentement des tiers concern\u00e9s. Toute publication sur la page est express\u00e9ment interdite, que ce soit des textes, des graphiques, des photographies, des vid\u00e9os, etc., qui portent atteinte ou sont susceptibles de porter atteinte \u00e0 la moralit\u00e9, \u00e0 l&#8217;\u00e9thique, au bon go\u00fbt ou au d\u00e9corum, et\/ou qui enfreignent, violent ou contreviennent aux droits de propri\u00e9t\u00e9 intellectuelle ou industrielle, au droit \u00e0 l&#8217;image ou \u00e0 la loi. Dans ces cas, CASC ANTIC BCN SL se r\u00e9serve le droit de supprimer imm\u00e9diatement le contenu, et peut demander le blocage permanent de l&#8217;utilisateur.<\/p><p>CASC ANTIC BCN SL ne sera pas responsable du contenu publi\u00e9 librement par un utilisateur.<\/p><p>L&#8217;utilisateur doit avoir \u00e0 l&#8217;esprit que ses publications seront connues des autres utilisateurs, il est donc lui-m\u00eame principalement responsable de sa confidentialit\u00e9.<\/p><p>Les images qui peuvent \u00eatre publi\u00e9es sur la page ne seront pas stock\u00e9es dans un fichier quelconque par CASC ANTIC BCN SL, mais resteront sur le r\u00e9seau social.<\/p><p>Concours et promotions<\/p><p>CASC ANTIC BCN SL se r\u00e9serve le droit d&#8217;organiser des concours et des promotions, auxquels l&#8217;utilisateur membre de sa page pourra participer. Les r\u00e8gles de chacun d&#8217;eux, lorsque la plateforme du r\u00e9seau social est utilis\u00e9e \u00e0 cet effet, seront publi\u00e9es sur celle-ci. Toujours en conformit\u00e9 avec la LSSI-CE et toute autre r\u00e9glementation applicable.<\/p><p>Le r\u00e9seau social ne parraine, n&#8217;approuve ni n&#8217;administre, de quelque mani\u00e8re que ce soit, aucune de nos promotions, ni n&#8217;est associ\u00e9 \u00e0 aucune d&#8217;entre elles.<\/p><p>Publicit\u00e9<\/p><p>CASC ANTIC BCN SL utilisera le r\u00e9seau social pour promouvoir ses produits et services, dans tous les cas, si elle d\u00e9cide de traiter vos coordonn\u00e9es de contact pour mener des actions de prospection commerciale directe, elle le fera toujours, en respectant les exigences l\u00e9gales de la LOPD et de la LSSI-CE. Recommander la page de CASC ANTIC BCN SL \u00e0 d&#8217;autres utilisateurs afin qu&#8217;ils puissent \u00e9galement b\u00e9n\u00e9ficier des promotions ou \u00eatre inform\u00e9s de son activit\u00e9 ne sera pas consid\u00e9r\u00e9 comme de la publicit\u00e9.<\/p><p>Ci-dessous se trouve le lien vers la politique de confidentialit\u00e9 du r\u00e9seau social : \u2022 Facebook : <a href=\"https:\/\/www.facebook.com\/help\/323540651073243\/\" target=\"_new\">https:\/\/www.facebook.com\/help\/323540651073243\/<\/a> \u2022 Twitter : <a href=\"https:\/\/twitter.com\/privacy\" target=\"_new\">https:\/\/twitter.com\/privacy<\/a> \u2022 Instagram : <a href=\"http:\/\/instagram.com\/about\/legal\/privacy\/\" target=\"_new\">http:\/\/instagram.com\/about\/legal\/privacy\/<\/a> \u2022 Linkedin : <a href=\"http:\/\/www.linkedin.com\/legal\/privacy-policy?trk=hb_ft_priv\" target=\"_new\">http:\/\/www.linkedin.com\/legal\/privacy-policy?trk=hb_ft_priv<\/a> \u2022 Google + : <a href=\"http:\/\/www.google.com\/intl\/es\/policies\/privacy\/\" target=\"_new\">http:\/\/www.google.com\/intl\/es\/policies\/privacy\/<\/a><\/p>\t\t\t\t\t\t\t\t<\/div>\n\t\t\t\t<\/div>\n\t\t\t\t\t<\/div>\n\t\t\t\t<\/div>\n\t\t\t\t<\/div>\n\t\t","protected":false},"excerpt":{"rendered":"<p>Conform\u00e9ment aux dispositions de la r\u00e9glementation en vigueur sur la protection des donn\u00e9es personnelles (RGPD) et \u00e0 la loi n\u00b0 34\/2002 du 11 juillet sur les services de la soci\u00e9t\u00e9 de l&#8217;information et du commerce \u00e9lectronique (LSSI-CE), CASC ANTIC BCN SL informe les utilisateurs qu&#8217;elle a cr\u00e9\u00e9 un profil sur le\/les r\u00e9seau(x) social(aux) Facebook, Twitter, [&hellip;]<\/p>\n","protected":false},"author":1,"featured_media":0,"parent":0,"menu_order":0,"comment_status":"closed","ping_status":"closed","template":"","meta":{"_seopress_robots_primary_cat":"","_seopress_titles_title":"","_seopress_titles_desc":"","_seopress_robots_index":"","footnotes":""},"class_list":["post-90779","page","type-page","status-publish","hentry"],"_links":{"self":[{"href":"https:\/\/www.cascanticbcn.com\/fr\/wp-json\/wp\/v2\/pages\/90779","targetHints":{"allow":["GET"]}}],"collection":[{"href":"https:\/\/www.cascanticbcn.com\/fr\/wp-json\/wp\/v2\/pages"}],"about":[{"href":"https:\/\/www.cascanticbcn.com\/fr\/wp-json\/wp\/v2\/types\/page"}],"author":[{"embeddable":true,"href":"https:\/\/www.cascanticbcn.com\/fr\/wp-json\/wp\/v2\/users\/1"}],"replies":[{"embeddable":true,"href":"https:\/\/www.cascanticbcn.com\/fr\/wp-json\/wp\/v2\/comments?post=90779"}],"version-history":[{"count":6,"href":"https:\/\/www.cascanticbcn.com\/fr\/wp-json\/wp\/v2\/pages\/90779\/revisions"}],"predecessor-version":[{"id":91652,"href":"https:\/\/www.cascanticbcn.com\/fr\/wp-json\/wp\/v2\/pages\/90779\/revisions\/91652"}],"wp:attachment":[{"href":"https:\/\/www.cascanticbcn.com\/fr\/wp-json\/wp\/v2\/media?parent=90779"}],"curies":[{"name":"wp","href":"https:\/\/api.w.org\/{rel}","templated":true}]}}