{"id":90756,"date":"2016-05-10T03:48:21","date_gmt":"2016-05-10T03:48:21","guid":{"rendered":"https:\/\/www.cascanticbcn.com\/sample-page\/"},"modified":"2024-03-21T17:06:32","modified_gmt":"2024-03-21T17:06:32","slug":"condiciones-de-uso","status":"publish","type":"page","link":"https:\/\/www.cascanticbcn.com\/it\/condiciones-de-uso\/","title":{"rendered":"Condizioni d&#8217;uso"},"content":{"rendered":"\t\t<div data-elementor-type=\"wp-page\" data-elementor-id=\"90756\" class=\"elementor elementor-90756 elementor-2\" data-elementor-post-type=\"page\">\n\t\t\t\t<div class=\"elementor-element elementor-element-53c83f8e e-flex e-con-boxed e-con e-parent\" data-id=\"53c83f8e\" data-element_type=\"container\">\n\t\t\t\t\t<div class=\"e-con-inner\">\n\t\t\t\t<div class=\"elementor-element elementor-element-1b9d4825 elementor-widget elementor-widget-text-editor\" data-id=\"1b9d4825\" data-element_type=\"widget\" data-widget_type=\"text-editor.default\">\n\t\t\t\t<div class=\"elementor-widget-container\">\n\t\t\t\t\t\t\t\t\t<p>In ottemperanza alla Legge 34\/2002, dell&#8217;11 luglio, sui Servizi della Societ\u00e0 dell&#8217;Informazione e del Commercio Elettronico (LSSI-CE), CASC ANTIC BCN SL informa di essere il titolare del sito web <a href=\"http:\/\/www.cascanticbcn.com\/\" target=\"_new\">WWW.CASCANTICBCN.COM<\/a>. In conformit\u00e0 con quanto previsto dall&#8217;articolo 10 della suddetta Legge, CASC ANTIC BCN SL informa dei seguenti dati:<\/p><p>Il titolare di questo sito web \u00e8 CASC ANTIC BCN SL, con CIF B63399018 e sede legale in RAMBLA DEL RAVAL 37 08001, BARCELLONA, iscritta nel Registro delle Imprese, al volume 36214, foglio 71, sezione B280981 e registrazione 1. L&#8217;indirizzo email di contatto con l&#8217;azienda \u00e8: <a target=\"_new\">INFO@CASCANTICBCN.COM<\/a>.<\/p><p><strong>Utente e regime di responsabilit\u00e0<\/strong><\/p><p>La navigazione, l&#8217;accesso e l&#8217;utilizzo del sito web di CASC ANTIC BCN SL conferiscono lo status di utente, per il quale vengono accettate, sin dalla navigazione sul sito web di CASC ANTIC BCN SL, tutte le condizioni d&#8217;uso qui stabilite, senza pregiudizio dell&#8217;applicazione della corrispondente normativa legalmente vincolante a seconda del caso.<\/p><p>Il sito web di CASC ANTIC BCN SL fornisce una grande variet\u00e0 di informazioni, servizi e dati. L&#8217;utente assume la responsabilit\u00e0 per il corretto utilizzo del sito web. Tale responsabilit\u00e0 si estende a:<\/p><ul><li>La veridicit\u00e0 e la liceit\u00e0 delle informazioni fornite dall&#8217;utente nei moduli estesi da CASC ANTIC BCN SL per l&#8217;accesso a determinati contenuti o servizi offerti dal sito web.<\/li><li>L&#8217;uso delle informazioni, dei servizi e dei dati offerti da CASC ANTIC BCN SL contrariamente a quanto stabilito dalle presenti condizioni, dalla legge, dalla morale, dalle buone abitudini o dall&#8217;ordine pubblico, o che in qualsiasi altro modo possano arrecare pregiudizio ai diritti di terzi o al corretto funzionamento del sito web.<\/li><\/ul><p><strong>Politica dei collegamenti e limitazioni di responsabilit\u00e0<\/strong><\/p><p>CASC ANTIC BCN SL non \u00e8 responsabile dei contenuti dei siti web ai quali l&#8217;utente pu\u00f2 accedere tramite i collegamenti stabiliti sul suo sito web e dichiara che in nessun caso esaminer\u00e0 o eserciter\u00e0 alcun tipo di controllo sui contenuti di altri siti della rete. Allo stesso modo, non garantir\u00e0 la disponibilit\u00e0 tecnica, l&#8217;accuratezza, la veridicit\u00e0, la validit\u00e0 o la legalit\u00e0 di siti esterni di sua propriet\u00e0 ai quali si pu\u00f2 accedere tramite i collegamenti.<\/p><p>CASC ANTIC BCN SL dichiara di aver adottato tutte le misure necessarie per evitare qualsiasi danno agli utenti del suo sito web che possa derivare dalla navigazione sul suo sito web. Di conseguenza, CASC ANTIC BCN SL non \u00e8 in nessun caso responsabile dei danni eventuali che l&#8217;utente potrebbe subire durante la navigazione su Internet.<\/p><p><strong>Modifiche<\/strong><\/p><p>CASC ANTIC BCN SL si riserva il diritto di apportare le modifiche che ritenga opportune, senza preavviso, al contenuto del suo sito web, sia per quanto riguarda i contenuti del sito web che le condizioni di utilizzo dello stesso. Tali modifiche possono essere apportate tramite il suo sito web in qualsiasi forma ammissibile dalla legge e saranno vincolanti per il periodo in cui sono pubblicate sul sito web e fino a quando non saranno valide modifiche successive.<\/p><p><strong>Protezione dei dati<\/strong><\/p><p>In conformit\u00e0 con quanto stabilito dalla normativa vigente sulla Protezione dei Dati Personali, vi informiamo che i vostri dati saranno incorporati nel sistema di trattamento di propriet\u00e0 di CASC ANTIC BCN SL con CIF B63399018 e sede legale in RAMBLA DEL RAVAL 37 08001, BARCELLONA, al fine di poter facilitare, accelerare e adempiere agli impegni stabiliti tra le parti.<\/p><p>In conformit\u00e0 con la normativa vigente, CASC ANTIC BCN SL informa che i dati saranno conservati per il tempo strettamente necessario per adempiere ai suddetti precetti.<\/p><p>Fino a quando non ci comunicherete diversamente, considereremo che i vostri dati non sono stati modificati, che vi impegnate a notificarci qualsiasi variazione e che abbiamo il vostro consenso ad utilizzarli per gli scopi menzionati.<\/p><p>CASC ANTIC BCN SL informa che tratter\u00e0 i dati in modo lecito, equo, trasparente, appropriato, pertinente, limitato, esatto e aggiornato. \u00c8 per questo che CASC ANTIC BCN SL si impegna ad adottare tutte le misure ragionevoli affinch\u00e9 questi vengano cancellati o corretti senza indugi quando sono inesatti.<\/p><p>In conformit\u00e0 con i diritti conferiti dalla normativa vigente sulla protezione dei dati, potrete esercitare i diritti di accesso, rettifica, limitazione di trattamento, cancellazione, portabilit\u00e0 e opposizione al trattamento dei vostri dati personali nonch\u00e9 del consenso prestato per il trattamento degli stessi, inviando la vostra richiesta all&#8217;indirizzo postale indicato sopra o all&#8217;indirizzo email <a target=\"_new\">INFO@CASCANTICBCN.COM<\/a>.<\/p><p>Potrete rivolgervi all&#8217;Autorit\u00e0 di Controllo competente per presentare eventuali reclami che ritenete opportuni.<\/p><p><strong>Certificato SSL (Secure Sockets Layer)<\/strong><\/p><p>Il CERTIFICATO SSL fornisce autenticazione, privacy e sicurezza delle informazioni tra CASC ANTIC BCN SL e l&#8217;utente.<\/p><p>CASC ANTIC BCN SL dispone di un certificato di sicurezza utilizzato da CERTIFICATO SSL per stabilire connessioni sicure.<\/p><p>In questo processo vengono stabiliti vari parametri per stabilire la connessione in modo sicuro e viene stabilita utilizzando chiavi preimpostate, criptando e decriptando tutti i dati inviati fino a quando la connessione non viene chiusa.<\/p><p><strong>Propriet\u00e0 intellettuale e industriale<\/strong><\/p><p>CASC ANTIC BCN SL, da sola o come cessionaria, \u00e8 titolare di tutti i diritti di propriet\u00e0 intellettuale e industriale del suo sito web, cos\u00ec come degli elementi contenuti nello stesso (a titolo esemplificativo, immagini, suoni, audio, video, software o testi; marchi o loghi, combinazioni di colori, struttura e design, selezione dei materiali utilizzati, programmi informatici necessari per il suo funzionamento, accesso e uso, ecc.), di propriet\u00e0 di CASC ANTIC BCN SL. Pertanto, sono opere protette come propriet\u00e0 intellettuale dalla legge spagnola, essendo applicabili a esse sia la legislazione spagnola che quella dell&#8217;UE in questo settore, nonch\u00e9 trattati internazionali relativi alla materia e sottoscritti dalla Spagna.<\/p><p>Tutti i diritti riservati. Ai sensi della legge sulla Propriet\u00e0 Intellettuale, sono espressamente vietate la riproduzione, la distribuzione e la comunicazione pubblica, compresa la modalit\u00e0 di messa a disposizione, di tutto o parte dei contenuti di questo sito web, per scopi commerciali, su qualsiasi supporto e con qualsiasi mezzo tecnico, senza l&#8217;autorizzazione di CASC ANTIC BCN SL.<\/p><p>L&#8217;utente si impegna a rispettare i diritti di Propriet\u00e0 Intellettuale e Industriale di propriet\u00e0 di CASC ANTIC BCN SL. \u00c8 possibile visualizzare gli elementi del portale e anche stamparli, copiarli e memorizzarli sull&#8217;hard disk del proprio computer o su qualsiasi altro supporto fisico, purch\u00e9 sia unicamente ed esclusivamente per uso personale e privato. L&#8217;utente deve astenersi dal rimuovere, alterare, eludere o manipolare qualsiasi dispositivo di protezione o sistema di sicurezza installato nelle pagine di CASC ANTIC BCN SL.<\/p><p><strong>Azioni legali, legislazione applicabile e giurisdizione<\/strong><\/p><p>CASC ANTIC BCN SL si riserva inoltre il diritto di intraprendere azioni civili o penali che ritenga opportune per l&#8217;uso improprio del suo sito web e dei suoi contenuti, o per la violazione delle presenti condizioni.<\/p><p>Il rapporto tra l&#8217;utente e il fornitore sar\u00e0 disciplinato dalla normativa vigente e applicabile sul territorio spagnolo. In caso di controversia, le parti potranno sottoporre le loro controversie all&#8217;arbitrato o ricorrere alla giurisdizione ordinaria, nel rispetto delle norme in materia di giurisdizione e competenza in merito. CASC ANTIC BCN SL ha sede a BARCELLONA, \u200b\u200bin Spagna.<\/p>\t\t\t\t\t\t\t\t<\/div>\n\t\t\t\t<\/div>\n\t\t\t\t\t<\/div>\n\t\t\t\t<\/div>\n\t\t\t\t<\/div>\n\t\t","protected":false},"excerpt":{"rendered":"<p>In ottemperanza alla Legge 34\/2002, dell&#8217;11 luglio, sui Servizi della Societ\u00e0 dell&#8217;Informazione e del Commercio Elettronico (LSSI-CE), CASC ANTIC BCN SL informa di essere il titolare del sito web WWW.CASCANTICBCN.COM. In conformit\u00e0 con quanto previsto dall&#8217;articolo 10 della suddetta Legge, CASC ANTIC BCN SL informa dei seguenti dati: Il titolare di questo sito web \u00e8 [&hellip;]<\/p>\n","protected":false},"author":1,"featured_media":0,"parent":0,"menu_order":0,"comment_status":"closed","ping_status":"closed","template":"","meta":{"_seopress_robots_primary_cat":"","_seopress_titles_title":"","_seopress_titles_desc":"","_seopress_robots_index":"","footnotes":""},"class_list":["post-90756","page","type-page","status-publish","hentry"],"_links":{"self":[{"href":"https:\/\/www.cascanticbcn.com\/it\/wp-json\/wp\/v2\/pages\/90756","targetHints":{"allow":["GET"]}}],"collection":[{"href":"https:\/\/www.cascanticbcn.com\/it\/wp-json\/wp\/v2\/pages"}],"about":[{"href":"https:\/\/www.cascanticbcn.com\/it\/wp-json\/wp\/v2\/types\/page"}],"author":[{"embeddable":true,"href":"https:\/\/www.cascanticbcn.com\/it\/wp-json\/wp\/v2\/users\/1"}],"replies":[{"embeddable":true,"href":"https:\/\/www.cascanticbcn.com\/it\/wp-json\/wp\/v2\/comments?post=90756"}],"version-history":[{"count":6,"href":"https:\/\/www.cascanticbcn.com\/it\/wp-json\/wp\/v2\/pages\/90756\/revisions"}],"predecessor-version":[{"id":90806,"href":"https:\/\/www.cascanticbcn.com\/it\/wp-json\/wp\/v2\/pages\/90756\/revisions\/90806"}],"wp:attachment":[{"href":"https:\/\/www.cascanticbcn.com\/it\/wp-json\/wp\/v2\/media?parent=90756"}],"curies":[{"name":"wp","href":"https:\/\/api.w.org\/{rel}","templated":true}]}}