{"id":90772,"date":"2024-03-20T20:00:20","date_gmt":"2024-03-20T20:00:20","guid":{"rendered":"https:\/\/www.cascanticbcn.com\/mas-informacion-sobre-las-cookies\/"},"modified":"2024-03-21T17:25:42","modified_gmt":"2024-03-21T17:25:42","slug":"mas-informacion-sobre-las-cookies","status":"publish","type":"page","link":"https:\/\/www.cascanticbcn.com\/it\/mas-informacion-sobre-las-cookies\/","title":{"rendered":"Maggiori informazioni sui cookie"},"content":{"rendered":"\t\t<div data-elementor-type=\"wp-page\" data-elementor-id=\"90772\" class=\"elementor elementor-90772 elementor-90455\" data-elementor-post-type=\"page\">\n\t\t\t\t<div class=\"elementor-element elementor-element-2123c8e0 e-flex e-con-boxed e-con e-parent\" data-id=\"2123c8e0\" data-element_type=\"container\">\n\t\t\t\t\t<div class=\"e-con-inner\">\n\t\t\t\t<div class=\"elementor-element elementor-element-ed0fb25 elementor-widget elementor-widget-text-editor\" data-id=\"ed0fb25\" data-element_type=\"widget\" data-widget_type=\"text-editor.default\">\n\t\t\t\t<div class=\"elementor-widget-container\">\n\t\t\t\t\t\t\t\t\t<p>Cos&#8217;\u00e8 un cookie? Un cookie \u00e8 un file di testo innocuo che viene memorizzato nel tuo browser quando visiti quasi qualsiasi sito web. Lo scopo del cookie \u00e8 far s\u00ec che il sito web possa ricordare la tua visita quando torni a navigare su quella pagina. Anche se molte persone non lo sanno, i cookie sono utilizzati da 20 anni, dall&#8217;apparizione dei primi browser per il World Wide Web.<\/p><p>Cosa NON \u00c8 un cookie? Non \u00e8 un virus, n\u00e9 un trojan, n\u00e9 un worm, n\u00e9 spam, n\u00e9 spyware, n\u00e9 apre finestre pop-up.<\/p><p>Che informazioni memorizza un cookie? I cookie di solito non memorizzano informazioni sensibili su di te, come carte di credito o dati bancari, fotografie, il tuo documento di identit\u00e0 o informazioni personali, ecc. I dati che memorizzano sono di natura tecnica, preferenze personali, personalizzazione dei contenuti, ecc.<\/p><p>Il server web non ti associa come persona ma piuttosto al tuo browser web. Infatti, se navighi regolarmente con Internet Explorer e provi a navigare sullo stesso sito con Firefox o Chrome, vedrai che il sito non si rende conto che sei la stessa persona perch\u00e9 in realt\u00e0 si sta associando al browser, non alla persona.<\/p><p>Che tipi di cookie ci sono? Cookie tecnici: Sono i pi\u00f9 elementari e consentono, tra le altre cose, di sapere quando sta navigando un umano o un&#8217;applicazione automatizzata, quando naviga un utente anonimo e uno registrato, compiti di base per il funzionamento di qualsiasi sito web dinamico. Cookie analitici: Raccolgono informazioni sul tipo di navigazione che stai facendo, le sezioni pi\u00f9 utilizzate, i prodotti consultati, il fuso orario di utilizzo, la lingua, ecc. Cookie pubblicitari: Mostrano annunci in base alla tua navigazione, al tuo paese d&#8217;origine, alla lingua, ecc.<\/p><p>Cosa sono i cookie proprietari e i cookie di terze parti? I cookie proprietari sono quelli generati dalla pagina che stai visitando, mentre i cookie di terze parti sono quelli generati da servizi o fornitori esterni come Facebook, Twitter, Google, ecc.<\/p><p>Cosa succede se disabilito i cookie? Per capire l&#8217;entit\u00e0 della disabilitazione dei cookie, ti mostriamo alcuni esempi:<\/p><p>Non potrai condividere contenuti di quel sito su Facebook, Twitter o qualsiasi altro social network. Il sito web non potr\u00e0 adattare i contenuti alle tue preferenze personali, come avviene di solito nei negozi online. Non potrai accedere all&#8217;area personale di quel sito web, come ad esempio Il mio account, o Il mio profilo, o I miei ordini. Negozi online: Ti sar\u00e0 impossibile fare acquisti online; dovrai farli per telefono o visitando il negozio fisico se disponibile. Non sar\u00e0 possibile personalizzare le tue preferenze geografiche come fuso orario, valuta o lingua. Il sito web non potr\u00e0 effettuare analisi web sui visitatori e sul traffico sul sito, rendendo difficile la competitivit\u00e0 del sito. Non potrai scrivere nel blog, caricare foto, pubblicare commenti, valutare o votare i contenuti. Il sito web non potr\u00e0 nemmeno sapere se sei un umano o un&#8217;applicazione automatizzata che pubblica spam. Non sar\u00e0 possibile visualizzare pubblicit\u00e0 mirate, riducendo cos\u00ec i ricavi pubblicitari del sito. Tutti i social network utilizzano i cookie; se li disabiliti, non potrai utilizzare alcun social network.<\/p><p>I cookie possono essere eliminati? S\u00ec. Non solo eliminare, ma anche bloccare, sia in generale che specificamente per un dominio specifico.<\/p><p>Per eliminare i cookie da un sito web, devi andare nelle impostazioni del tuo browser e l\u00ec puoi cercare quelli associati al dominio in questione e procedere alla loro eliminazione.<\/p><p>Impostazioni dei cookie per i browser pi\u00f9 popolari Ecco come accedere a un cookie specifico dal browser Chrome. Nota: Questi passaggi possono variare a seconda della versione del browser:<\/p><p>Vai su Impostazioni o Preferenze tramite il menu File o facendo clic sull&#8217;icona di personalizzazione che appare in alto a destra. Vedrai diverse sezioni; fai clic su Mostra opzioni avanzate. Vai su Privacy, Impostazioni contenuto. Seleziona Tutti i cookie e i dati del sito. Apparir\u00e0 un elenco con tutti i cookie ordinati per dominio. Per rendere pi\u00f9 facile trovare i cookie di un determinato dominio, inserisci parzialmente o completamente l&#8217;indirizzo nel campo Cerca cookie. Dopo aver applicato questo filtro, appariranno sullo schermo una o pi\u00f9 righe con i cookie del sito Web richiesto. Ora devi solo selezionarlo e premere X per procedere alla sua eliminazione. Per accedere alle impostazioni dei cookie del browser Internet Explorer, segui questi passaggi (possono variare a seconda della versione del browser):<\/p><p>Vai su Strumenti, Opzioni Internet Fai clic su Privacy. Sposta il cursore per regolare il livello di privacy desiderato. Per accedere alle impostazioni dei cookie del browser Firefox, segui questi passaggi (possono variare a seconda della versione del browser):<\/p><p>Vai su Opzioni o Preferenze a seconda del tuo sistema operativo. Fai clic su Privacy. Sotto Cronologia, scegli Usa impostazioni personalizzate per la cronologia. Ora vedrai l&#8217;opzione Accetta i cookie, puoi attivarla o disattivarla a seconda delle tue preferenze. Per accedere alle impostazioni dei cookie del browser Safari per OSX, segui questi passaggi (possono variare a seconda della versione del browser):<\/p><p>Vai su Preferenze, quindi Privacy. Qui vedrai l&#8217;opzione Blocca i cookie per regolare il tipo di blocco che desideri eseguire. Per accedere alle impostazioni dei cookie del browser Safari per iOS, segui questi passaggi (possono variare a seconda della versione del browser):<\/p><p>Vai su Impostazioni, quindi Safari. Vai su Privacy e sicurezza, vedrai l&#8217;opzione Blocca i cookie per regolare il tipo di blocco che desideri eseguire. Per accedere alle impostazioni dei cookie del browser per dispositivi Android, segui questi passaggi (possono variare a seconda della versione del browser):<\/p><p>Vai su Sicurezza e privacy, vedrai l&#8217;opzione Accetta cookie per attivare o disattivare la casella.<\/p><p>Per accedere alle impostazioni dei cookie del browser per dispositivi Windows Phone, segui questi passaggi (possono variare a seconda della versione del browser):<\/p><p>Apri Internet Explorer, quindi Altro, quindi Impostazioni Ora puoi attivare o disattivare la casella Consenti cookie.<\/p>\t\t\t\t\t\t\t\t<\/div>\n\t\t\t\t<\/div>\n\t\t\t\t\t<\/div>\n\t\t\t\t<\/div>\n\t\t\t\t<\/div>\n\t\t","protected":false},"excerpt":{"rendered":"<p>Cos&#8217;\u00e8 un cookie? Un cookie \u00e8 un file di testo innocuo che viene memorizzato nel tuo browser quando visiti quasi qualsiasi sito web. Lo scopo del cookie \u00e8 far s\u00ec che il sito web possa ricordare la tua visita quando torni a navigare su quella pagina. Anche se molte persone non lo sanno, i cookie [&hellip;]<\/p>\n","protected":false},"author":1,"featured_media":0,"parent":0,"menu_order":0,"comment_status":"closed","ping_status":"closed","template":"","meta":{"_seopress_robots_primary_cat":"","_seopress_titles_title":"","_seopress_titles_desc":"","_seopress_robots_index":"","footnotes":""},"class_list":["post-90772","page","type-page","status-publish","hentry"],"_links":{"self":[{"href":"https:\/\/www.cascanticbcn.com\/it\/wp-json\/wp\/v2\/pages\/90772","targetHints":{"allow":["GET"]}}],"collection":[{"href":"https:\/\/www.cascanticbcn.com\/it\/wp-json\/wp\/v2\/pages"}],"about":[{"href":"https:\/\/www.cascanticbcn.com\/it\/wp-json\/wp\/v2\/types\/page"}],"author":[{"embeddable":true,"href":"https:\/\/www.cascanticbcn.com\/it\/wp-json\/wp\/v2\/users\/1"}],"replies":[{"embeddable":true,"href":"https:\/\/www.cascanticbcn.com\/it\/wp-json\/wp\/v2\/comments?post=90772"}],"version-history":[{"count":5,"href":"https:\/\/www.cascanticbcn.com\/it\/wp-json\/wp\/v2\/pages\/90772\/revisions"}],"predecessor-version":[{"id":90818,"href":"https:\/\/www.cascanticbcn.com\/it\/wp-json\/wp\/v2\/pages\/90772\/revisions\/90818"}],"wp:attachment":[{"href":"https:\/\/www.cascanticbcn.com\/it\/wp-json\/wp\/v2\/media?parent=90772"}],"curies":[{"name":"wp","href":"https:\/\/api.w.org\/{rel}","templated":true}]}}